{"id":47,"date":"2014-03-16T13:31:03","date_gmt":"2014-03-16T11:31:03","guid":{"rendered":"http:\/\/www.fahrschulebehla.bplaced.net\/wordpress\/?page_id=47"},"modified":"2018-09-21T12:31:44","modified_gmt":"2018-09-21T10:31:44","slug":"pkw","status":"publish","type":"page","link":"http:\/\/fahrschulebehla.bplaced.net\/wordpress\/fuehrerscheinklassen\/pkw\/","title":{"rendered":"PKW"},"content":{"rendered":"<h2 style=\"padding-left: 30px;\"><span style=\"color: #000000; font-family: Calibri;\"><span style=\"color: #008000;\">B\u00a0<\/span>\u00a0\u00a0\u00a0\u00a0\u00a0\u00a0\u00a0\u00a0 PKW<\/span><\/h2>\n<p style=\"padding-left: 30px;\"><span style=\"color: #000000; font-family: Calibri;\">\u00a0<\/span><\/p>\n<p style=\"padding-left: 30px;\"><span style=\"color: #000000; font-family: Calibri;\">Kraftwagen bis 3,5 t zul\u00e4ssiger Gesamtmasse und max. 9 Pl\u00e4tzen (einschl. Fahrer). <\/span><\/p>\n<p style=\"padding-left: 30px;\"><span style=\"color: #000000; font-family: Calibri;\">\u00a0<\/span><\/p>\n<p style=\"padding-left: 30px;\"><span style=\"color: #000000; font-family: Calibri;\">Mit der Klasse B d\u00fcrfen Sie folgende Anh\u00e4nger ziehen:<\/span><\/p>\n<p style=\"padding-left: 60px;\"><span style=\"color: #000000; font-family: Calibri;\">&#8211; Anh\u00e4nger bis 750 kg zul\u00e4ssiger Gesamtmasse,<\/span><\/p>\n<p style=\"padding-left: 60px;\"><span style=\"color: #000000; font-family: Calibri;\">&#8211; Anh\u00e4nger \u00fcber 750 kg zul\u00e4ssiger Gesamtmasse, wenn die Summe der zul\u00e4ssigen Gesamtmassen von Zugfahrzeug und Anh\u00e4nger nicht gr\u00f6\u00dfer ist als 3.500 kg. <\/span><\/p>\n<p style=\"padding-left: 30px;\"><span style=\"color: #000000; font-family: Calibri;\">\u00a0<\/span><\/p>\n<p style=\"padding-left: 30px;\"><span style=\"color: #000000; font-family: Calibri;\"><strong><span style=\"text-decoration: underline;\">Eingeschlossene Klassen:<\/span><\/strong> \u00a0\u00a0\u00a0\u00a0\u00a0 AM, L<\/span><\/p>\n<p style=\"padding-left: 30px;\"><span style=\"color: #000000; font-family: Calibri;\"><strong><span style=\"text-decoration: underline;\">Mindestalter:<\/span><\/strong> \u00a0\u00a0\u00a0\u00a0\u00a0\u00a0\u00a0\u00a0\u00a0\u00a0\u00a0\u00a0\u00a0\u00a0\u00a0\u00a0\u00a0\u00a0\u00a0\u00a0\u00a0\u00a0\u00a0 18 Jahre <\/span><\/p>\n<p style=\"padding-left: 180px;\"><span style=\"color: #000000; font-family: Calibri;\">(17 Jahre f\u00fcr &#8220;Begleitetes Fahren mit 17&#8221;) <\/span><\/p>\n<p style=\"padding-left: 30px;\"><span style=\"color: #000000; font-family: Calibri;\">\u00a0<\/span><\/p>\n<p style=\"padding-left: 30px;\"><span style=\"color: #000000; font-family: Calibri;\">\u00a0<\/span><\/p>\n<h2 style=\"padding-left: 30px;\"><span style=\"color: #000000; font-family: Calibri;\"><span style=\"color: #00ff00;\"><span style=\"color: #008000;\">B 96<\/span>\u00a0<\/span>\u00a0\u00a0\u00a0 PKW<\/span><\/h2>\n<p style=\"padding-left: 30px;\"><span style=\"color: #000000; font-family: Calibri;\">\u00a0<\/span><\/p>\n<p style=\"padding-left: 30px;\"><span style=\"color: #000000; font-family: Calibri;\">Diesen speziellen Anh\u00e4ngerf\u00fchrerschein ben\u00f6tigen Sie, wenn Sie hinter einem Kraftwagen der Klasse B einen Anh\u00e4nger mit einer zG von mehr als 750 kg ziehen wollen und die Summe der Gesamtmassen von Anh\u00e4nger und Pkw gr\u00f6\u00dfer ist als 3.500 kg, aber nicht gr\u00f6\u00dfer als 4.250 kg. <\/span><\/p>\n<p style=\"padding-left: 30px;\"><span style=\"color: #000000; font-family: Calibri;\">\u00a0<\/span><\/p>\n<p style=\"padding-left: 30px;\"><span style=\"color: #ff0000;\"><b><span style=\"font-family: Calibri;\">Vorbesitz F\u00fchrerscheinklasse B notwendig!<\/span><\/b><\/span><\/p>\n<p style=\"padding-left: 30px;\"><span style=\"color: #000000; font-family: Calibri;\">\u00a0<\/span><\/p>\n<p style=\"padding-left: 30px;\"><span style=\"color: #000000; font-family: Calibri;\"><span style=\"text-decoration: underline;\"><strong>Eingeschlossene Klassen:<\/strong><\/span> \u00a0\u00a0\u00a0\u00a0\u00a0 AM, L<\/span><\/p>\n<p style=\"padding-left: 30px;\"><span style=\"color: #000000; font-family: Calibri;\"><span style=\"text-decoration: underline;\"><strong>Mindestalter:<\/strong><\/span>\u00a0\u00a0\u00a0\u00a0 \u00a0\u00a0\u00a0\u00a0\u00a0\u00a0\u00a0\u00a0\u00a0\u00a0\u00a0\u00a0\u00a0\u00a0\u00a0\u00a0\u00a0\u00a0\u00a0\u00a0\u00a0 18 Jahre <\/span><\/p>\n<p style=\"padding-left: 30px;\"><span style=\"color: #000000; font-family: Calibri;\">\u00a0<\/span><\/p>\n<p style=\"padding-left: 30px;\"><span style=\"color: #000000; font-family: Calibri;\">\u00a0<\/span><\/p>\n<h2 style=\"padding-left: 30px;\"><span style=\"color: #000000; font-family: Calibri;\"><span style=\"color: #008000;\">BE<\/span>\u00a0\u00a0\u00a0\u00a0\u00a0\u00a0\u00a0 PKW mit Anh\u00e4nger<\/span><\/h2>\n<p style=\"padding-left: 30px;\"><span style=\"color: #000000; font-family: Calibri;\">\u00a0<\/span><\/p>\n<p style=\"padding-left: 30px;\"><span style=\"color: #000000; font-family: Calibri;\">Mit der Klasse BE d\u00fcrfen Sie alle Z\u00fcge mit einem Zugfahrzeug der Klasse B fahren. Die zG des Anh\u00e4ngers darf max. 3.500 kg betragen.<\/span><\/p>\n<p style=\"padding-left: 30px;\"><span style=\"color: #000000; font-family: Calibri;\">\u00a0<\/span><\/p>\n<p style=\"padding-left: 30px;\"><span style=\"color: #ff0000;\"><b><span style=\"font-family: Calibri;\">Vorbesitz F\u00fchrerscheinklasse B notwendig!<\/span><\/b><\/span><\/p>\n<p style=\"padding-left: 30px;\"><span style=\"color: #000000; font-family: Calibri;\">\u00a0<\/span><\/p>\n<p style=\"padding-left: 30px;\"><span style=\"color: #000000; font-family: Calibri;\"><strong><span style=\"text-decoration: underline;\">Eingeschlossene Klassen:<\/span><\/strong> \u00a0\u00a0\u00a0\u00a0\u00a0 AM, L<\/span><\/p>\n<p style=\"padding-left: 30px;\"><span style=\"color: #000000; font-family: Calibri;\"><strong><span style=\"text-decoration: underline;\">Mindestalter:<\/span><\/strong> \u00a0\u00a0\u00a0\u00a0\u00a0\u00a0\u00a0\u00a0\u00a0\u00a0\u00a0\u00a0\u00a0\u00a0\u00a0\u00a0\u00a0\u00a0\u00a0\u00a0\u00a0\u00a0\u00a0 18 Jahre <\/span><\/p>\n<p>&nbsp;<\/p>\n","protected":false},"excerpt":{"rendered":"<p>B\u00a0\u00a0\u00a0\u00a0\u00a0\u00a0\u00a0\u00a0\u00a0 PKW \u00a0 Kraftwagen bis 3,5 t zul\u00e4ssiger Gesamtmasse und max. 9 Pl\u00e4tzen (einschl. Fahrer). \u00a0 Mit der Klasse B d\u00fcrfen Sie folgende Anh\u00e4nger ziehen: &#8211; Anh\u00e4nger bis 750 kg zul\u00e4ssiger Gesamtmasse, &#8211; Anh\u00e4nger \u00fcber 750 kg zul\u00e4ssiger Gesamtmasse, wenn die Summe der zul\u00e4ssigen Gesamtmassen von Zugfahrzeug und Anh\u00e4nger nicht gr\u00f6\u00dfer ist als 3.500 kg. &hellip; <a href=\"http:\/\/fahrschulebehla.bplaced.net\/wordpress\/fuehrerscheinklassen\/pkw\/\" class=\"more-link\">Continue reading<span class=\"screen-reader-text\"> &#8220;PKW&#8221;<\/span><\/a><\/p>\n","protected":false},"author":1,"featured_media":0,"parent":31,"menu_order":1,"comment_status":"closed","ping_status":"closed","template":"","meta":{"footnotes":""},"class_list":["post-47","page","type-page","status-publish","hentry"],"_links":{"self":[{"href":"http:\/\/fahrschulebehla.bplaced.net\/wordpress\/wp-json\/wp\/v2\/pages\/47","targetHints":{"allow":["GET"]}}],"collection":[{"href":"http:\/\/fahrschulebehla.bplaced.net\/wordpress\/wp-json\/wp\/v2\/pages"}],"about":[{"href":"http:\/\/fahrschulebehla.bplaced.net\/wordpress\/wp-json\/wp\/v2\/types\/page"}],"author":[{"embeddable":true,"href":"http:\/\/fahrschulebehla.bplaced.net\/wordpress\/wp-json\/wp\/v2\/users\/1"}],"replies":[{"embeddable":true,"href":"http:\/\/fahrschulebehla.bplaced.net\/wordpress\/wp-json\/wp\/v2\/comments?post=47"}],"version-history":[{"count":11,"href":"http:\/\/fahrschulebehla.bplaced.net\/wordpress\/wp-json\/wp\/v2\/pages\/47\/revisions"}],"predecessor-version":[{"id":318,"href":"http:\/\/fahrschulebehla.bplaced.net\/wordpress\/wp-json\/wp\/v2\/pages\/47\/revisions\/318"}],"up":[{"embeddable":true,"href":"http:\/\/fahrschulebehla.bplaced.net\/wordpress\/wp-json\/wp\/v2\/pages\/31"}],"wp:attachment":[{"href":"http:\/\/fahrschulebehla.bplaced.net\/wordpress\/wp-json\/wp\/v2\/media?parent=47"}],"curies":[{"name":"wp","href":"https:\/\/api.w.org\/{rel}","templated":true}]}}