{"id":44,"date":"2014-03-16T13:25:40","date_gmt":"2014-03-16T11:25:40","guid":{"rendered":"http:\/\/www.fahrschulebehla.bplaced.net\/wordpress\/?page_id=44"},"modified":"2026-02-14T15:02:56","modified_gmt":"2026-02-14T14:02:56","slug":"motorrad","status":"publish","type":"page","link":"http:\/\/fahrschulebehla.bplaced.net\/wordpress\/fuehrerscheinklassen\/motorrad\/","title":{"rendered":"Motorrad"},"content":{"rendered":"<h3 style=\"padding-left: 30px;\"><span style=\"font-family: Calibri;\"><span style=\"color: #000000;\"><span style=\"color: #008000;\"><b><span style=\"text-decoration: underline;\">AM <\/span><\/b><\/span><b><i>\u00a0 Zweir\u00e4drige Kleinkraftr<\/i><\/b><\/span><\/span><span style=\"font-family: Calibri;\"><span style=\"color: #000000;\"><b><i>\u00e4der \/ zweir\u00e4drige Fahrr\u00e4der\u00a0<\/i><\/b><\/span><\/span><\/h3>\n<h3 style=\"padding-left: 30px;\"><span style=\"font-family: Calibri;\"><span style=\"color: #000000;\"><b><i>mit Hilfsmotor \/ dreir\u00e4drige Kleinkraftr\u00e4der \/ Leichtkraftfahrzeuge<\/i><\/b><\/span><\/span><\/h3>\n<p style=\"padding-left: 30px;\"><span style=\"color: #000000; font-family: Calibri;\">\u00a0<\/span><span style=\"color: #000000; font-family: Calibri;\">Kraftr\u00e4der\/Fahrr\u00e4der mit Hilfsmotor bis 45 km\/h<\/span><\/p>\n<p><img loading=\"lazy\" decoding=\"async\" class=\"size-large wp-image-670 alignright\" src=\"http:\/\/fahrschulebehla.bplaced.net\/wordpress\/wp-content\/uploads\/2022\/08\/AM-682x1024.jpg\" alt=\"AM\" width=\"200\" height=\"300\" \/><\/p>\n<p style=\"padding-left: 60px;\"><span style=\"font-family: Calibri;\"><span style=\"color: #000000;\">\u00a0&#8211; Elektromotor max. 4 kW Nennleistung,<\/span><\/span><\/p>\n<p style=\"padding-left: 60px;\"><span style=\"font-family: Calibri;\"><span style=\"color: #000000;\">&#8211; Verbrennungsmotor max. 50 ccm.<\/span><\/span><\/p>\n<p style=\"padding-left: 30px; text-align: right;\"><span style=\"color: #000000; font-family: Calibri;\">\u00a0<\/span><\/p>\n<p style=\"padding-left: 30px;\"><span style=\"color: #000000; font-family: Calibri;\">Dreir\u00e4drige Kleinkraftr\u00e4der \/ vierr\u00e4drige Leichtfahrzeuge bis 45 km\/h<\/span><\/p>\n<p style=\"padding-left: 60px;\"><span style=\"color: #000000; font-family: Calibri;\">&#8211; Fremdz\u00fcndungsmotor (z.B. Benziner), Hubraum max. 50 ccm.<\/span><\/p>\n<p style=\"padding-left: 60px;\"><span style=\"font-family: Calibri;\"><span style=\"color: #000000;\">\u00a0&#8211; Andere Verbrennungsmotoren (z.B. Diesel) max. 4 kW Nutzleistung,<\/span><\/span><\/p>\n<p style=\"padding-left: 60px;\"><span style=\"font-family: Calibri;\"><span style=\"color: #000000;\">\u00a0&#8211; Elektromotoren max. 4 kW Nenndauerleistung,<\/span><\/span><\/p>\n<p style=\"padding-left: 60px;\"><span style=\"color: #000000; font-family: Calibri;\">&#8211; bei vierr\u00e4drigen Leichtkraftfahrzeugen Leermasse max. 350 kg (bei Elektromotor ohne Batterie). <\/span><\/p>\n<p style=\"padding-left: 30px;\"><span style=\"color: #000000; font-family: Calibri;\">\u00a0<\/span><\/p>\n<p style=\"padding-left: 30px;\"><span style=\"font-family: Calibri;\"><span style=\"color: #000000;\"><b><span style=\"text-decoration: underline;\">Mindestalter: <\/span><\/b><b>\u00a0\u00a0\u00a0\u00a0\u00a0\u00a0\u00a0\u00a0\u00a0\u00a0\u00a0 16 Jahre<\/b><\/span><\/span><\/p>\n<p style=\"padding-left: 30px;\"><span style=\"color: #000000; font-family: Calibri;\">\u00a0<\/span><\/p>\n<p style=\"padding-left: 30px;\"><span style=\"color: #000000; font-family: Calibri;\">\u00a0<\/span><\/p>\n<h3 style=\"padding-left: 30px;\"><span style=\"font-family: Calibri;\"><span style=\"color: #000000;\"><span style=\"color: #008000;\"><b><span style=\"text-decoration: underline;\">A1<\/span><\/b><\/span><b>\u00a0\u00a0\u00a0 <\/b><b>Leichtkraftr\u00e4der \/ dreir\u00e4drige Kraftfahrzeuge<\/b><\/span><\/span><\/h3>\n<p style=\"padding-left: 30px;\"><span style=\"color: #000000; font-family: Calibri;\">&#8211; Kraftrad bis 125 ccm Hubraum, max. 11 kW Motorleistung, Leistungsgewicht max. 0,1 kW\/kg.<\/span><\/p>\n<p style=\"padding-left: 30px;\"><span style=\"color: #000000; font-family: Calibri;\">&#8211; Dreir\u00e4drige Kraftfahrzeuge mit mehr als 45 km\/h bbH, max. 15 kW Motorleistung. <\/span><\/p>\n<p style=\"padding-left: 30px;\"><span style=\"color: #000000; font-family: Calibri;\">\u00a0<\/span><\/p>\n<p style=\"padding-left: 30px;\"><span style=\"font-family: Calibri;\"><span style=\"color: #000000;\"><b><span style=\"text-decoration: underline;\">Eingeschlossene Klassen:<\/span><\/b><b> \u00a0\u00a0\u00a0 AM<\/b><\/span><\/span><\/p>\n<p style=\"padding-left: 30px;\"><span style=\"font-family: Calibri;\"><span style=\"color: #000000;\"><b><span style=\"text-decoration: underline;\">Mindestalter: <\/span><\/b><b>\u00a0\u00a0\u00a0\u00a0\u00a0\u00a0\u00a0\u00a0\u00a0\u00a0\u00a0\u00a0\u00a0\u00a0\u00a0\u00a0\u00a0\u00a0\u00a0\u00a0\u00a0\u00a0\u00a0\u00a0\u00a0\u00a0\u00a0\u00a0\u00a0\u00a0\u00a0\u00a0\u00a0\u00a0 16 Jahre<\/b><\/span><\/span><\/p>\n<p style=\"padding-left: 30px;\"><span style=\"color: #000000; font-family: Calibri;\">\u00a0<\/span><\/p>\n<p style=\"padding-left: 30px;\"><span style=\"color: #000000; font-family: Calibri;\">\u00a0<\/span><\/p>\n<h3 style=\"padding-left: 30px;\"><span style=\"font-family: Calibri;\"><span style=\"color: #000000;\"><span style=\"color: #008000;\"><b><span style=\"text-decoration: underline;\">A2<\/span><\/b><\/span><b>\u00a0\u00a0\u00a0 <\/b><b>Mittelschwere Kraftr\u00e4der<\/b><\/span><\/span><\/h3>\n<p style=\"padding-left: 30px;\"><span style=\"color: #000000; font-family: Calibri;\">\u00a0<\/span><\/p>\n<p style=\"padding-left: 30px;\"><span style=\"color: #000000; font-family: Calibri;\">&#8211; Kraftrad bis 35 kW Motorleistung, Leistungsgewicht max. 0,2 kW\/kg. <\/span><\/p>\n<p style=\"padding-left: 30px;\"><i><span style=\"color: #000000; font-family: Calibri;\">Bei zweij\u00e4hrigem Vorbesitz der Klasse A1 nur praktische Pr\u00fcfung (das gilt auch f\u00fcr &#8220;Altbesitzer&#8221; mit einem vor dem 01.04.1980 erworbenen F\u00fchrerschein der Klasse 3 oder 4). <\/span><\/i><\/p>\n<p style=\"padding-left: 30px;\"><span style=\"color: #000000; font-family: Calibri;\">\u00a0<\/span><\/p>\n<p style=\"padding-left: 30px;\"><span style=\"font-family: Calibri;\"><span style=\"color: #000000;\"><b><span style=\"text-decoration: underline;\">Eingeschlossene Klassen:<\/span><\/b><b> \u00a0\u00a0\u00a0 A1, AM<\/b><\/span><\/span><\/p>\n<p style=\"padding-left: 30px;\"><span style=\"font-family: Calibri;\"><span style=\"color: #000000;\"><b><span style=\"text-decoration: underline;\">Mindestalter:<\/span><\/b><b>\u00a0 \u00a0\u00a0\u00a0\u00a0\u00a0\u00a0\u00a0\u00a0\u00a0\u00a0\u00a0\u00a0\u00a0\u00a0\u00a0\u00a0\u00a0\u00a0\u00a0\u00a0\u00a0 18 Jahre<\/b><\/span><\/span><\/p>\n<p style=\"padding-left: 30px;\"><span style=\"color: #000000; font-family: Calibri;\">\u00a0<\/span><\/p>\n<p style=\"padding-left: 30px;\"><span style=\"color: #000000; font-family: Calibri;\">\u00a0<\/span><\/p>\n<h3 style=\"padding-left: 30px;\"><span style=\"font-family: Calibri;\"><span style=\"color: #000000;\"><span style=\"color: #008000;\"><b><span style=\"text-decoration: underline;\">A<\/span><\/b><\/span>\u00a0\u00a0\u00a0\u00a0\u00a0 <b>Schwere Kraftr\u00e4der \/ dreir\u00e4drige Kraftfahrzeuge<\/b><\/span><\/span><\/h3>\n<p style=\"padding-left: 30px;\"><span style=\"color: #000000; font-family: Calibri;\">\u00a0<\/span><\/p>\n<p style=\"padding-left: 30px;\"><span style=\"color: #000000; font-family: Calibri;\">Kraftrad \u00fcber 45 km\/h bbH<\/span><\/p>\n<p style=\"padding-left: 60px;\"><span style=\"color: #000000; font-family: Calibri;\">&#8211; \u00fcber 35 kW Motorleistung,<\/span><\/p>\n<p style=\"padding-left: 60px;\"><span style=\"font-family: Calibri;\"><span style=\"color: #000000;\">\u00a0&#8211; Leistungsgewicht von mehr als 0,2 kW\/kg. <\/span><\/span><\/p>\n<p style=\"padding-left: 30px;\"><span style=\"color: #000000; font-family: Calibri;\">\u00a0<\/span><\/p>\n<p style=\"padding-left: 30px;\"><span style=\"color: #000000; font-family: Calibri;\">Kraftfahrzeuge<\/span><\/p>\n<p style=\"padding-left: 60px;\"><span style=\"font-family: Calibri;\"><span style=\"color: #000000;\">\u00a0&#8211; Motorleistung mehr als 15 kW, &#8211; Hubraum mehr als 50 ccm. <\/span><\/span><\/p>\n<p style=\"padding-left: 30px;\"><span style=\"color: #000000; font-family: Calibri;\">\u00a0<\/span><\/p>\n<p style=\"padding-left: 30px;\"><i><span style=\"color: #000000; font-family: Calibri;\">Wer die Klasse A2 mindestens seit zwei Jahren besitzt, kann die Klasse A nach einer praktischen Pr\u00fcfung erteilt bekommen. Nur mit dieser Fahrerlaubnis d\u00fcrfen Kraftfahrzeuge der Klasse A gefahren werden; dreir\u00e4drige Kraftfahrzeuge jedoch erst mit 21 Jahren. <\/span><\/i><\/p>\n<p style=\"padding-left: 30px;\"><span style=\"color: #000000; font-family: Calibri;\">\u00a0<\/span><\/p>\n<p style=\"padding-left: 30px;\"><span style=\"font-family: Calibri;\"><span style=\"color: #000000;\"><b><span style=\"text-decoration: underline;\">Eingeschlossene Klassen: <\/span><\/b><b>\u00a0\u00a0\u00a0 A2, A1, AM<\/b><\/span><\/span><\/p>\n<p style=\"padding-left: 30px;\"><b><span style=\"text-decoration: underline;\"><span style=\"color: #000000; font-family: Calibri;\">Mindestalter:<\/span><\/span><\/b><\/p>\n<p style=\"padding-left: 60px;\"><b><span style=\"color: #000000; font-family: Calibri;\">&#8211; Kraftr\u00e4der: 24 Jahre (Direkteinstieg)<\/span><\/b><\/p>\n<p style=\"padding-left: 60px;\"><b><span style=\"color: #000000; font-family: Calibri;\">&#8211; bei zweij\u00e4hrigem Vorbesitz von A2: 20 Jahre<\/span><\/b><\/p>\n<p style=\"padding-left: 60px;\"><b><span style=\"color: #000000; font-family: Calibri;\">&#8211; Dreir\u00e4drige Kraftfahrzeuge: 21 Jahre <\/span><\/b><\/p>\n","protected":false},"excerpt":{"rendered":"<p>AM \u00a0 Zweir\u00e4drige Kleinkraftr\u00e4der \/ zweir\u00e4drige Fahrr\u00e4der\u00a0 mit Hilfsmotor \/ dreir\u00e4drige Kleinkraftr\u00e4der \/ Leichtkraftfahrzeuge \u00a0Kraftr\u00e4der\/Fahrr\u00e4der mit Hilfsmotor bis 45 km\/h \u00a0&#8211; Elektromotor max. 4 kW Nennleistung, &#8211; Verbrennungsmotor max. 50 ccm. \u00a0 Dreir\u00e4drige Kleinkraftr\u00e4der \/ vierr\u00e4drige Leichtfahrzeuge bis 45 km\/h &#8211; Fremdz\u00fcndungsmotor (z.B. Benziner), Hubraum max. 50 ccm. \u00a0&#8211; Andere Verbrennungsmotoren (z.B. Diesel) max. 4 &hellip; <a href=\"http:\/\/fahrschulebehla.bplaced.net\/wordpress\/fuehrerscheinklassen\/motorrad\/\" class=\"more-link\">Continue reading<span class=\"screen-reader-text\"> &#8220;Motorrad&#8221;<\/span><\/a><\/p>\n","protected":false},"author":1,"featured_media":0,"parent":31,"menu_order":0,"comment_status":"closed","ping_status":"closed","template":"","meta":{"footnotes":""},"class_list":["post-44","page","type-page","status-publish","hentry"],"_links":{"self":[{"href":"http:\/\/fahrschulebehla.bplaced.net\/wordpress\/wp-json\/wp\/v2\/pages\/44","targetHints":{"allow":["GET"]}}],"collection":[{"href":"http:\/\/fahrschulebehla.bplaced.net\/wordpress\/wp-json\/wp\/v2\/pages"}],"about":[{"href":"http:\/\/fahrschulebehla.bplaced.net\/wordpress\/wp-json\/wp\/v2\/types\/page"}],"author":[{"embeddable":true,"href":"http:\/\/fahrschulebehla.bplaced.net\/wordpress\/wp-json\/wp\/v2\/users\/1"}],"replies":[{"embeddable":true,"href":"http:\/\/fahrschulebehla.bplaced.net\/wordpress\/wp-json\/wp\/v2\/comments?post=44"}],"version-history":[{"count":21,"href":"http:\/\/fahrschulebehla.bplaced.net\/wordpress\/wp-json\/wp\/v2\/pages\/44\/revisions"}],"predecessor-version":[{"id":858,"href":"http:\/\/fahrschulebehla.bplaced.net\/wordpress\/wp-json\/wp\/v2\/pages\/44\/revisions\/858"}],"up":[{"embeddable":true,"href":"http:\/\/fahrschulebehla.bplaced.net\/wordpress\/wp-json\/wp\/v2\/pages\/31"}],"wp:attachment":[{"href":"http:\/\/fahrschulebehla.bplaced.net\/wordpress\/wp-json\/wp\/v2\/media?parent=44"}],"curies":[{"name":"wp","href":"https:\/\/api.w.org\/{rel}","templated":true}]}}