{"id":36,"date":"2014-03-14T22:54:43","date_gmt":"2014-03-14T20:54:43","guid":{"rendered":"http:\/\/www.fahrschulebehla.bplaced.net\/wordpress\/?page_id=36"},"modified":"2024-10-11T13:18:52","modified_gmt":"2024-10-11T11:18:52","slug":"impressum","status":"publish","type":"page","link":"http:\/\/fahrschulebehla.bplaced.net\/wordpress\/impressum\/","title":{"rendered":"Impressum"},"content":{"rendered":"<h1 style=\"text-align: center;\">Impressum &amp; Datenschutzerkl\u00e4rung<\/h1>\n<address>\u00a0<\/address>\n<address><strong>Fahrschule Behla GbR<\/strong><\/address>\n<address>Frankfurter Str. 32<\/address>\n<address>03149 Forst (Lausitz)<\/address>\n<address>\u00a0<\/address>\n<address>Telefon: (03562) 7112<\/address>\n<address>\u00a0<\/address>\n<address>E-Mail: fahrschulebehla@web.de<\/address>\n<address>Web: fahrschulebehla.de<\/address>\n<address>\u00a0<\/address>\n<address>Umsatzsteuer ID-Nr.:\u00a0<em>DE 299298876\u00a0<\/em><\/address>\n<address>\u00a0<\/address>\n<address>Gewerbegenehmigung: Reg.nr: <em>200484<\/em><\/address>\n<address>Gemeindekennzahl: <em>12 071 076<\/em><\/address>\n<address>Fahrlehrerscheinnr.: <em>SPN00001<\/em><\/address>\n<address>Aufsichtsbeh\u00f6rde: LK SPN Fahrerlaubnisbeh\u00f6rde<\/address>\n<address>\u00a0<\/address>\n<address>Hauptstelle: Forst\u00a0Reg.nr: C 414<\/address>\n<address>Zweigstelle: D\u00f6bern Reg.nr: C414 Z01<\/address>\n<address>\u00a0<\/address>\n<address>\u00a0<\/address>\n<address>\n<h2 style=\"text-align: center;\"><b>Datenschutzerkl\u00e4rung:<\/b><\/h2>\n<p>Die Nutzung unserer Webseite ist in der Regel ohne Angabe personenbezogener Daten m\u00f6glich. Soweit auf unseren Seiten personenbezogene Daten (beispielsweise Name, Anschrift oder eMail-Adressen) erhoben werden, erfolgt dies, soweit m\u00f6glich, stets auf freiwilliger Basis. Diese Daten werden ohne Ihre ausdr\u00fcckliche Zustimmung nicht an Dritte weitergegeben.<\/p>\n<p>Wir weisen darauf hin, dass die Daten\u00fcbertragung im Internet (z.B. bei der Kommunikation per E-Mail) Sicherheitsl\u00fccken aufweisen kann. Ein l\u00fcckenloser Schutz der Daten vor dem Zugriff durch Dritte ist nicht m\u00f6glich.<\/p>\n<p>Der Nutzung von im Rahmen der Impressumspflicht ver\u00f6ffentlichten Kontaktdaten durch Dritte zur \u00dcbersendung von nicht ausdr\u00fccklich angeforderter Werbung und Informationsmaterialien wird hiermit ausdr\u00fccklich widersprochen. Die Betreiber der Seiten behalten sich ausdr\u00fccklich rechtliche Schritte im Falle der unverlangten Zusendung von Werbeinformationen, etwa durch Spam-Mails, vor.<\/p>\n<p>&nbsp;<\/p>\n<p><i>Quellverweis: <\/i><a href=\"http:\/\/www.e-recht24.de\/muster-datenschutzerklaerung.html\" target=\"_blank\"><i>eRecht24 Datenschutzerkl\u00e4rung<\/i><\/a><\/p>\n<\/address>\n","protected":false},"excerpt":{"rendered":"<p>Impressum &amp; Datenschutzerkl\u00e4rung \u00a0 Fahrschule Behla GbR Frankfurter Str. 32 03149 Forst (Lausitz) \u00a0 Telefon: (03562) 7112 \u00a0 E-Mail: fahrschulebehla@web.de Web: fahrschulebehla.de \u00a0 Umsatzsteuer ID-Nr.:\u00a0DE 299298876\u00a0 \u00a0 Gewerbegenehmigung: Reg.nr: 200484 Gemeindekennzahl: 12 071 076 Fahrlehrerscheinnr.: SPN00001 Aufsichtsbeh\u00f6rde: LK SPN Fahrerlaubnisbeh\u00f6rde \u00a0 Hauptstelle: Forst\u00a0Reg.nr: C 414 Zweigstelle: D\u00f6bern Reg.nr: C414 Z01 \u00a0 \u00a0 Datenschutzerkl\u00e4rung: Die Nutzung &hellip; <a href=\"http:\/\/fahrschulebehla.bplaced.net\/wordpress\/impressum\/\" class=\"more-link\">Continue reading<span class=\"screen-reader-text\"> &#8220;Impressum&#8221;<\/span><\/a><\/p>\n","protected":false},"author":1,"featured_media":0,"parent":0,"menu_order":10,"comment_status":"closed","ping_status":"closed","template":"","meta":{"footnotes":""},"class_list":["post-36","page","type-page","status-publish","hentry"],"_links":{"self":[{"href":"http:\/\/fahrschulebehla.bplaced.net\/wordpress\/wp-json\/wp\/v2\/pages\/36","targetHints":{"allow":["GET"]}}],"collection":[{"href":"http:\/\/fahrschulebehla.bplaced.net\/wordpress\/wp-json\/wp\/v2\/pages"}],"about":[{"href":"http:\/\/fahrschulebehla.bplaced.net\/wordpress\/wp-json\/wp\/v2\/types\/page"}],"author":[{"embeddable":true,"href":"http:\/\/fahrschulebehla.bplaced.net\/wordpress\/wp-json\/wp\/v2\/users\/1"}],"replies":[{"embeddable":true,"href":"http:\/\/fahrschulebehla.bplaced.net\/wordpress\/wp-json\/wp\/v2\/comments?post=36"}],"version-history":[{"count":14,"href":"http:\/\/fahrschulebehla.bplaced.net\/wordpress\/wp-json\/wp\/v2\/pages\/36\/revisions"}],"predecessor-version":[{"id":675,"href":"http:\/\/fahrschulebehla.bplaced.net\/wordpress\/wp-json\/wp\/v2\/pages\/36\/revisions\/675"}],"wp:attachment":[{"href":"http:\/\/fahrschulebehla.bplaced.net\/wordpress\/wp-json\/wp\/v2\/media?parent=36"}],"curies":[{"name":"wp","href":"https:\/\/api.w.org\/{rel}","templated":true}]}}